{"id":154,"date":"2022-06-02T16:22:32","date_gmt":"2022-06-02T16:22:32","guid":{"rendered":"https:\/\/tremoille.ms.decms.eu\/lhistoire-de-la-tremoille\/"},"modified":"2024-02-11T16:45:39","modified_gmt":"2024-02-11T16:45:39","slug":"history-of-la-tremoille-paris","status":"publish","type":"page","link":"https:\/\/www.hotel-tremoille.fr\/en\/history-of-la-tremoille-paris\/","title":{"rendered":"History of La Tr\u00e9moille Paris"},"content":{"rendered":"<p style=\"text-align: center\">Louis II, Sire de la Tr\u00e9moille, was one of the great names of the Renaissance period. At the head of the armies of Kings Charles VIII, Louis XII and Fran\u00e7ois 1er, he restored civil peace and worked for the reunification of the kingdom of France. Paris honors its memory with the name of a street to which the hotel La Tr\u00e9moille owes its own, and a part of its prestige&#8230;<\/p>\n<p style=\"text-align: center\">Originally a private residence, the luxury establishment known under the name of Hotel La Tr\u00e9moille was born in 1925. Legendary personalities from music and cinema have always appreciated this prestigious address just around the corner from the Champs-\u00c9lys\u00e9es. Evidenced by the black and white photograph hung in the entrance of the hotel where Louis Armstrong and Duke Ellington appear.<\/p>\n<p style=\"text-align: center\">Today, the hotel welcomes numerous artists and celebrities in the discretion of its doors.<\/p>\n","protected":false},"excerpt":{"rendered":"<p>Louis II, Sire de la Tr\u00e9moille, was one of the great names of the Renaissance period. At the head of the armies of Kings Charles VIII, Louis XII and Fran\u00e7ois 1er, he restored civil peace and worked for the reunification of the kingdom of France. Paris honors its memory with the name of a street [&hellip;]<\/p>\n","protected":false},"author":137,"featured_media":0,"parent":0,"menu_order":10,"comment_status":"closed","ping_status":"closed","template":"template-default-2.php","meta":{"footnotes":""},"class_list":["post-154","page","type-page","status-publish","hentry"],"yoast_head":"<!-- This site is optimized with the Yoast SEO plugin v26.9 - https:\/\/yoast.com\/product\/yoast-seo-wordpress\/ -->\n<title>H\u00f4tel La Tr\u00e9moille | History | Official website<\/title>\n<meta name=\"description\" content=\"Prestigious address since 1925, Hotel La Tr\u00e9moille in Paris is a historic boutique hotel which is a must-see hotel in the Golden Triangle.\" \/>\n<meta name=\"robots\" content=\"index, follow, max-snippet:-1, max-image-preview:large, max-video-preview:-1\" \/>\n<link rel=\"canonical\" href=\"https:\/\/www.hotel-tremoille.fr\/en\/history-of-la-tremoille-paris\/\" \/>\n<meta property=\"og:locale\" content=\"en_US\" \/>\n<meta property=\"og:type\" content=\"article\" \/>\n<meta property=\"og:title\" content=\"H\u00f4tel La Tr\u00e9moille | History | Official website\" \/>\n<meta property=\"og:description\" content=\"Prestigious address since 1925, Hotel La Tr\u00e9moille in Paris is a historic boutique hotel which is a must-see hotel in the Golden Triangle.\" \/>\n<meta property=\"og:url\" content=\"https:\/\/www.hotel-tremoille.fr\/en\/history-of-la-tremoille-paris\/\" \/>\n<meta property=\"og:site_name\" content=\"Hotel de la Tremoille\" \/>\n<meta property=\"article:modified_time\" content=\"2024-02-11T16:45:39+00:00\" \/>\n<meta name=\"twitter:card\" content=\"summary_large_image\" \/>\n<meta name=\"twitter:label1\" content=\"Est. reading time\" \/>\n\t<meta name=\"twitter:data1\" content=\"1 minute\" \/>\n<script type=\"application\/ld+json\" class=\"yoast-schema-graph\">{\"@context\":\"https:\/\/schema.org\",\"@graph\":[{\"@type\":\"WebPage\",\"@id\":\"https:\/\/www.hotel-tremoille.fr\/en\/history-of-la-tremoille-paris\/\",\"url\":\"https:\/\/www.hotel-tremoille.fr\/en\/history-of-la-tremoille-paris\/\",\"name\":\"H\u00f4tel La Tr\u00e9moille | History | Official website\",\"isPartOf\":{\"@id\":\"https:\/\/www.hotel-tremoille.fr\/en\/#website\"},\"datePublished\":\"2022-06-02T16:22:32+00:00\",\"dateModified\":\"2024-02-11T16:45:39+00:00\",\"description\":\"Prestigious address since 1925, Hotel La Tr\u00e9moille in Paris is a historic boutique hotel which is a must-see hotel in the Golden Triangle.\",\"breadcrumb\":{\"@id\":\"https:\/\/www.hotel-tremoille.fr\/en\/history-of-la-tremoille-paris\/#breadcrumb\"},\"inLanguage\":\"en-US\",\"potentialAction\":[{\"@type\":\"ReadAction\",\"target\":[\"https:\/\/www.hotel-tremoille.fr\/en\/history-of-la-tremoille-paris\/\"]}]},{\"@type\":\"BreadcrumbList\",\"@id\":\"https:\/\/www.hotel-tremoille.fr\/en\/history-of-la-tremoille-paris\/#breadcrumb\",\"itemListElement\":[{\"@type\":\"ListItem\",\"position\":1,\"name\":\"Home\",\"item\":\"https:\/\/www.hotel-tremoille.fr\/en\/\"},{\"@type\":\"ListItem\",\"position\":2,\"name\":\"History of La Tr\u00e9moille Paris\"}]},{\"@type\":\"WebSite\",\"@id\":\"https:\/\/www.hotel-tremoille.fr\/en\/#website\",\"url\":\"https:\/\/www.hotel-tremoille.fr\/en\/\",\"name\":\"Hotel de la Tremoille\",\"description\":\"\",\"publisher\":{\"@id\":\"https:\/\/www.hotel-tremoille.fr\/en\/#organization\"},\"potentialAction\":[{\"@type\":\"SearchAction\",\"target\":{\"@type\":\"EntryPoint\",\"urlTemplate\":\"https:\/\/www.hotel-tremoille.fr\/en\/?s={search_term_string}\"},\"query-input\":{\"@type\":\"PropertyValueSpecification\",\"valueRequired\":true,\"valueName\":\"search_term_string\"}}],\"inLanguage\":\"en-US\"},{\"@type\":\"Organization\",\"@id\":\"https:\/\/www.hotel-tremoille.fr\/en\/#organization\",\"name\":\"La Tr\u00e9moille\",\"url\":\"https:\/\/www.hotel-tremoille.fr\/en\/\",\"logo\":{\"@type\":\"ImageObject\",\"inLanguage\":\"en-US\",\"@id\":\"https:\/\/www.hotel-tremoille.fr\/en\/#\/schema\/logo\/image\/\",\"url\":\"https:\/\/tremoille.ms.decms.eu\/wp-content\/uploads\/sites\/454\/2022\/06\/La-Tremoille-Paris-LOGO.png\",\"contentUrl\":\"https:\/\/tremoille.ms.decms.eu\/wp-content\/uploads\/sites\/454\/2022\/06\/La-Tremoille-Paris-LOGO.png\",\"width\":595,\"height\":424,\"caption\":\"La Tr\u00e9moille\"},\"image\":{\"@id\":\"https:\/\/www.hotel-tremoille.fr\/en\/#\/schema\/logo\/image\/\"}}]}<\/script>\n<!-- \/ Yoast SEO plugin. -->","yoast_head_json":{"title":"H\u00f4tel La Tr\u00e9moille | History | Official website","description":"Prestigious address since 1925, Hotel La Tr\u00e9moille in Paris is a historic boutique hotel which is a must-see hotel in the Golden Triangle.","robots":{"index":"index","follow":"follow","max-snippet":"max-snippet:-1","max-image-preview":"max-image-preview:large","max-video-preview":"max-video-preview:-1"},"canonical":"https:\/\/www.hotel-tremoille.fr\/en\/history-of-la-tremoille-paris\/","og_locale":"en_US","og_type":"article","og_title":"H\u00f4tel La Tr\u00e9moille | History | Official website","og_description":"Prestigious address since 1925, Hotel La Tr\u00e9moille in Paris is a historic boutique hotel which is a must-see hotel in the Golden Triangle.","og_url":"https:\/\/www.hotel-tremoille.fr\/en\/history-of-la-tremoille-paris\/","og_site_name":"Hotel de la Tremoille","article_modified_time":"2024-02-11T16:45:39+00:00","twitter_card":"summary_large_image","twitter_misc":{"Est. reading time":"1 minute"},"schema":{"@context":"https:\/\/schema.org","@graph":[{"@type":"WebPage","@id":"https:\/\/www.hotel-tremoille.fr\/en\/history-of-la-tremoille-paris\/","url":"https:\/\/www.hotel-tremoille.fr\/en\/history-of-la-tremoille-paris\/","name":"H\u00f4tel La Tr\u00e9moille | History | Official website","isPartOf":{"@id":"https:\/\/www.hotel-tremoille.fr\/en\/#website"},"datePublished":"2022-06-02T16:22:32+00:00","dateModified":"2024-02-11T16:45:39+00:00","description":"Prestigious address since 1925, Hotel La Tr\u00e9moille in Paris is a historic boutique hotel which is a must-see hotel in the Golden Triangle.","breadcrumb":{"@id":"https:\/\/www.hotel-tremoille.fr\/en\/history-of-la-tremoille-paris\/#breadcrumb"},"inLanguage":"en-US","potentialAction":[{"@type":"ReadAction","target":["https:\/\/www.hotel-tremoille.fr\/en\/history-of-la-tremoille-paris\/"]}]},{"@type":"BreadcrumbList","@id":"https:\/\/www.hotel-tremoille.fr\/en\/history-of-la-tremoille-paris\/#breadcrumb","itemListElement":[{"@type":"ListItem","position":1,"name":"Home","item":"https:\/\/www.hotel-tremoille.fr\/en\/"},{"@type":"ListItem","position":2,"name":"History of La Tr\u00e9moille Paris"}]},{"@type":"WebSite","@id":"https:\/\/www.hotel-tremoille.fr\/en\/#website","url":"https:\/\/www.hotel-tremoille.fr\/en\/","name":"Hotel de la Tremoille","description":"","publisher":{"@id":"https:\/\/www.hotel-tremoille.fr\/en\/#organization"},"potentialAction":[{"@type":"SearchAction","target":{"@type":"EntryPoint","urlTemplate":"https:\/\/www.hotel-tremoille.fr\/en\/?s={search_term_string}"},"query-input":{"@type":"PropertyValueSpecification","valueRequired":true,"valueName":"search_term_string"}}],"inLanguage":"en-US"},{"@type":"Organization","@id":"https:\/\/www.hotel-tremoille.fr\/en\/#organization","name":"La Tr\u00e9moille","url":"https:\/\/www.hotel-tremoille.fr\/en\/","logo":{"@type":"ImageObject","inLanguage":"en-US","@id":"https:\/\/www.hotel-tremoille.fr\/en\/#\/schema\/logo\/image\/","url":"https:\/\/tremoille.ms.decms.eu\/wp-content\/uploads\/sites\/454\/2022\/06\/La-Tremoille-Paris-LOGO.png","contentUrl":"https:\/\/tremoille.ms.decms.eu\/wp-content\/uploads\/sites\/454\/2022\/06\/La-Tremoille-Paris-LOGO.png","width":595,"height":424,"caption":"La Tr\u00e9moille"},"image":{"@id":"https:\/\/www.hotel-tremoille.fr\/en\/#\/schema\/logo\/image\/"}}]}},"acf":[],"_links":{"self":[{"href":"https:\/\/www.hotel-tremoille.fr\/en\/wp-json\/wp\/v2\/pages\/154","targetHints":{"allow":["GET"]}}],"collection":[{"href":"https:\/\/www.hotel-tremoille.fr\/en\/wp-json\/wp\/v2\/pages"}],"about":[{"href":"https:\/\/www.hotel-tremoille.fr\/en\/wp-json\/wp\/v2\/types\/page"}],"author":[{"embeddable":true,"href":"https:\/\/www.hotel-tremoille.fr\/en\/wp-json\/wp\/v2\/users\/137"}],"replies":[{"embeddable":true,"href":"https:\/\/www.hotel-tremoille.fr\/en\/wp-json\/wp\/v2\/comments?post=154"}],"version-history":[{"count":0,"href":"https:\/\/www.hotel-tremoille.fr\/en\/wp-json\/wp\/v2\/pages\/154\/revisions"}],"wp:attachment":[{"href":"https:\/\/www.hotel-tremoille.fr\/en\/wp-json\/wp\/v2\/media?parent=154"}],"curies":[{"name":"wp","href":"https:\/\/api.w.org\/{rel}","templated":true}]}}