{"id":167,"date":"2022-06-02T19:55:44","date_gmt":"2022-06-02T19:55:44","guid":{"rendered":"https:\/\/tremoille.ms.decms.eu\/chambres-suites\/chambre-double-superieure\/"},"modified":"2024-02-16T14:44:10","modified_gmt":"2024-02-16T14:44:10","slug":"double-superior-room","status":"publish","type":"page","link":"https:\/\/www.hotel-tremoille.fr\/en\/rooms-suites\/double-superior-room\/","title":{"rendered":"Double Superior Room"},"content":{"rendered":"<p style=\"text-align: center\"><strong>1 to 3 persons &#8211; Queen bed or twin beds<\/strong><\/p>\n<p style=\"text-align: center\">The superior double rooms offer the possibility of adding a third single bed. For a family stay, connecting rooms are available on request at the reservation service: reservation@hotel-tremoille.fr.<\/p>\n","protected":false},"excerpt":{"rendered":"<p>1 to 3 persons &#8211; Queen bed or twin beds The superior double rooms offer the possibility of adding a third single bed. For a family stay, connecting rooms are available on request at the reservation service: reservation@hotel-tremoille.fr.<\/p>\n","protected":false},"author":137,"featured_media":0,"parent":163,"menu_order":10,"comment_status":"closed","ping_status":"closed","template":"template-single-room.php","meta":{"footnotes":""},"class_list":["post-167","page","type-page","status-publish","hentry"],"yoast_head":"<!-- This site is optimized with the Yoast SEO plugin v26.9 - https:\/\/yoast.com\/product\/yoast-seo-wordpress\/ -->\n<title>H\u00f4tel La Tr\u00e9moille | Double Superior Room<\/title>\n<meta name=\"description\" content=\"Spacious and luxurious superior double rooms. La Tr\u00e9moille Paris offers the possibility of connecting rooms for your family stays.\" \/>\n<meta name=\"robots\" content=\"index, follow, max-snippet:-1, max-image-preview:large, max-video-preview:-1\" \/>\n<link rel=\"canonical\" href=\"https:\/\/www.hotel-tremoille.fr\/en\/rooms-suites\/double-superior-room\/\" \/>\n<meta property=\"og:locale\" content=\"en_US\" \/>\n<meta property=\"og:type\" content=\"article\" \/>\n<meta property=\"og:title\" content=\"H\u00f4tel La Tr\u00e9moille | Double Superior Room\" \/>\n<meta property=\"og:description\" content=\"Spacious and luxurious superior double rooms. La Tr\u00e9moille Paris offers the possibility of connecting rooms for your family stays.\" \/>\n<meta property=\"og:url\" content=\"https:\/\/www.hotel-tremoille.fr\/en\/rooms-suites\/double-superior-room\/\" \/>\n<meta property=\"og:site_name\" content=\"Hotel de la Tremoille\" \/>\n<meta property=\"article:modified_time\" content=\"2024-02-16T14:44:10+00:00\" \/>\n<meta name=\"twitter:card\" content=\"summary_large_image\" \/>\n<meta name=\"twitter:label1\" content=\"Est. reading time\" \/>\n\t<meta name=\"twitter:data1\" content=\"1 minute\" \/>\n<script type=\"application\/ld+json\" class=\"yoast-schema-graph\">{\"@context\":\"https:\/\/schema.org\",\"@graph\":[{\"@type\":\"WebPage\",\"@id\":\"https:\/\/www.hotel-tremoille.fr\/en\/rooms-suites\/double-superior-room\/\",\"url\":\"https:\/\/www.hotel-tremoille.fr\/en\/rooms-suites\/double-superior-room\/\",\"name\":\"H\u00f4tel La Tr\u00e9moille | Double Superior Room\",\"isPartOf\":{\"@id\":\"https:\/\/www.hotel-tremoille.fr\/en\/#website\"},\"datePublished\":\"2022-06-02T19:55:44+00:00\",\"dateModified\":\"2024-02-16T14:44:10+00:00\",\"description\":\"Spacious and luxurious superior double rooms. La Tr\u00e9moille Paris offers the possibility of connecting rooms for your family stays.\",\"breadcrumb\":{\"@id\":\"https:\/\/www.hotel-tremoille.fr\/en\/rooms-suites\/double-superior-room\/#breadcrumb\"},\"inLanguage\":\"en-US\",\"potentialAction\":[{\"@type\":\"ReadAction\",\"target\":[\"https:\/\/www.hotel-tremoille.fr\/en\/rooms-suites\/double-superior-room\/\"]}]},{\"@type\":\"BreadcrumbList\",\"@id\":\"https:\/\/www.hotel-tremoille.fr\/en\/rooms-suites\/double-superior-room\/#breadcrumb\",\"itemListElement\":[{\"@type\":\"ListItem\",\"position\":1,\"name\":\"Home\",\"item\":\"https:\/\/www.hotel-tremoille.fr\/en\/\"},{\"@type\":\"ListItem\",\"position\":2,\"name\":\"Rooms &amp; Suites\",\"item\":\"https:\/\/www.hotel-tremoille.fr\/en\/rooms-suites\/\"},{\"@type\":\"ListItem\",\"position\":3,\"name\":\"Double Superior Room\"}]},{\"@type\":\"WebSite\",\"@id\":\"https:\/\/www.hotel-tremoille.fr\/en\/#website\",\"url\":\"https:\/\/www.hotel-tremoille.fr\/en\/\",\"name\":\"Hotel de la Tremoille\",\"description\":\"\",\"publisher\":{\"@id\":\"https:\/\/www.hotel-tremoille.fr\/en\/#organization\"},\"potentialAction\":[{\"@type\":\"SearchAction\",\"target\":{\"@type\":\"EntryPoint\",\"urlTemplate\":\"https:\/\/www.hotel-tremoille.fr\/en\/?s={search_term_string}\"},\"query-input\":{\"@type\":\"PropertyValueSpecification\",\"valueRequired\":true,\"valueName\":\"search_term_string\"}}],\"inLanguage\":\"en-US\"},{\"@type\":\"Organization\",\"@id\":\"https:\/\/www.hotel-tremoille.fr\/en\/#organization\",\"name\":\"La Tr\u00e9moille\",\"url\":\"https:\/\/www.hotel-tremoille.fr\/en\/\",\"logo\":{\"@type\":\"ImageObject\",\"inLanguage\":\"en-US\",\"@id\":\"https:\/\/www.hotel-tremoille.fr\/en\/#\/schema\/logo\/image\/\",\"url\":\"https:\/\/tremoille.ms.decms.eu\/wp-content\/uploads\/sites\/454\/2022\/06\/La-Tremoille-Paris-LOGO.png\",\"contentUrl\":\"https:\/\/tremoille.ms.decms.eu\/wp-content\/uploads\/sites\/454\/2022\/06\/La-Tremoille-Paris-LOGO.png\",\"width\":595,\"height\":424,\"caption\":\"La Tr\u00e9moille\"},\"image\":{\"@id\":\"https:\/\/www.hotel-tremoille.fr\/en\/#\/schema\/logo\/image\/\"}}]}<\/script>\n<!-- \/ Yoast SEO plugin. -->","yoast_head_json":{"title":"H\u00f4tel La Tr\u00e9moille | Double Superior Room","description":"Spacious and luxurious superior double rooms. La Tr\u00e9moille Paris offers the possibility of connecting rooms for your family stays.","robots":{"index":"index","follow":"follow","max-snippet":"max-snippet:-1","max-image-preview":"max-image-preview:large","max-video-preview":"max-video-preview:-1"},"canonical":"https:\/\/www.hotel-tremoille.fr\/en\/rooms-suites\/double-superior-room\/","og_locale":"en_US","og_type":"article","og_title":"H\u00f4tel La Tr\u00e9moille | Double Superior Room","og_description":"Spacious and luxurious superior double rooms. La Tr\u00e9moille Paris offers the possibility of connecting rooms for your family stays.","og_url":"https:\/\/www.hotel-tremoille.fr\/en\/rooms-suites\/double-superior-room\/","og_site_name":"Hotel de la Tremoille","article_modified_time":"2024-02-16T14:44:10+00:00","twitter_card":"summary_large_image","twitter_misc":{"Est. reading time":"1 minute"},"schema":{"@context":"https:\/\/schema.org","@graph":[{"@type":"WebPage","@id":"https:\/\/www.hotel-tremoille.fr\/en\/rooms-suites\/double-superior-room\/","url":"https:\/\/www.hotel-tremoille.fr\/en\/rooms-suites\/double-superior-room\/","name":"H\u00f4tel La Tr\u00e9moille | Double Superior Room","isPartOf":{"@id":"https:\/\/www.hotel-tremoille.fr\/en\/#website"},"datePublished":"2022-06-02T19:55:44+00:00","dateModified":"2024-02-16T14:44:10+00:00","description":"Spacious and luxurious superior double rooms. La Tr\u00e9moille Paris offers the possibility of connecting rooms for your family stays.","breadcrumb":{"@id":"https:\/\/www.hotel-tremoille.fr\/en\/rooms-suites\/double-superior-room\/#breadcrumb"},"inLanguage":"en-US","potentialAction":[{"@type":"ReadAction","target":["https:\/\/www.hotel-tremoille.fr\/en\/rooms-suites\/double-superior-room\/"]}]},{"@type":"BreadcrumbList","@id":"https:\/\/www.hotel-tremoille.fr\/en\/rooms-suites\/double-superior-room\/#breadcrumb","itemListElement":[{"@type":"ListItem","position":1,"name":"Home","item":"https:\/\/www.hotel-tremoille.fr\/en\/"},{"@type":"ListItem","position":2,"name":"Rooms &amp; Suites","item":"https:\/\/www.hotel-tremoille.fr\/en\/rooms-suites\/"},{"@type":"ListItem","position":3,"name":"Double Superior Room"}]},{"@type":"WebSite","@id":"https:\/\/www.hotel-tremoille.fr\/en\/#website","url":"https:\/\/www.hotel-tremoille.fr\/en\/","name":"Hotel de la Tremoille","description":"","publisher":{"@id":"https:\/\/www.hotel-tremoille.fr\/en\/#organization"},"potentialAction":[{"@type":"SearchAction","target":{"@type":"EntryPoint","urlTemplate":"https:\/\/www.hotel-tremoille.fr\/en\/?s={search_term_string}"},"query-input":{"@type":"PropertyValueSpecification","valueRequired":true,"valueName":"search_term_string"}}],"inLanguage":"en-US"},{"@type":"Organization","@id":"https:\/\/www.hotel-tremoille.fr\/en\/#organization","name":"La Tr\u00e9moille","url":"https:\/\/www.hotel-tremoille.fr\/en\/","logo":{"@type":"ImageObject","inLanguage":"en-US","@id":"https:\/\/www.hotel-tremoille.fr\/en\/#\/schema\/logo\/image\/","url":"https:\/\/tremoille.ms.decms.eu\/wp-content\/uploads\/sites\/454\/2022\/06\/La-Tremoille-Paris-LOGO.png","contentUrl":"https:\/\/tremoille.ms.decms.eu\/wp-content\/uploads\/sites\/454\/2022\/06\/La-Tremoille-Paris-LOGO.png","width":595,"height":424,"caption":"La Tr\u00e9moille"},"image":{"@id":"https:\/\/www.hotel-tremoille.fr\/en\/#\/schema\/logo\/image\/"}}]}},"acf":[],"_links":{"self":[{"href":"https:\/\/www.hotel-tremoille.fr\/en\/wp-json\/wp\/v2\/pages\/167","targetHints":{"allow":["GET"]}}],"collection":[{"href":"https:\/\/www.hotel-tremoille.fr\/en\/wp-json\/wp\/v2\/pages"}],"about":[{"href":"https:\/\/www.hotel-tremoille.fr\/en\/wp-json\/wp\/v2\/types\/page"}],"author":[{"embeddable":true,"href":"https:\/\/www.hotel-tremoille.fr\/en\/wp-json\/wp\/v2\/users\/137"}],"replies":[{"embeddable":true,"href":"https:\/\/www.hotel-tremoille.fr\/en\/wp-json\/wp\/v2\/comments?post=167"}],"version-history":[{"count":0,"href":"https:\/\/www.hotel-tremoille.fr\/en\/wp-json\/wp\/v2\/pages\/167\/revisions"}],"up":[{"embeddable":true,"href":"https:\/\/www.hotel-tremoille.fr\/en\/wp-json\/wp\/v2\/pages\/163"}],"wp:attachment":[{"href":"https:\/\/www.hotel-tremoille.fr\/en\/wp-json\/wp\/v2\/media?parent=167"}],"curies":[{"name":"wp","href":"https:\/\/api.w.org\/{rel}","templated":true}]}}