{"id":178,"date":"2022-06-02T20:43:06","date_gmt":"2022-06-02T20:43:06","guid":{"rendered":"https:\/\/tremoille.ms.decms.eu\/mentions-legales\/"},"modified":"2025-04-04T08:41:18","modified_gmt":"2025-04-04T08:41:18","slug":"legal-information","status":"publish","type":"page","link":"https:\/\/www.hotel-tremoille.fr\/en\/legal-information\/","title":{"rendered":"Legal information"},"content":{"rendered":"<p><strong>Nom de l&#8217;\u00e9tablissement :<\/strong><br \/>\nH\u00f4tel La Tr\u00e9moille<\/p>\n<p><strong>Adresse de l&#8217;\u00e9tablissement :<\/strong><br \/>\n14 rue de la Tr\u00e9moille<br \/>\n75 008 Paris<\/p>\n<p><strong>Coordonn\u00e9es t\u00e9l\u00e9phoniques :<\/strong><br \/>\n+33 (0)1 56 52 14 00<\/p>\n<p><strong>Adresse \u00e9lectronique :<\/strong><br \/>\nreservation@hotel-tremoille.fr<\/p>\n<p><strong>Raison sociale :<\/strong><br \/>\nH\u00f4tel La Tr\u00e9moille<br \/>\n14-16 rue de La Tr\u00e9moille<br \/>\n75 008 Paris<\/p>\n<p><strong>Immatriculation au Registre du Commerce et des Soci\u00e9t\u00e9s :<\/strong><br \/>\n953 691 748 R.C.S. Paris<\/p>\n<p><strong>Capital social :<\/strong><br \/>\n10 000 000,00 euros<\/p>\n<p><strong>N\u00b0 de TVA intracommunautaire :<\/strong><br \/>\nFR 19 953 691 748<\/p>\n<p><strong>M\u00e9diateur de la consommation :<\/strong><br \/>\nEn cas de litige entre le professionnel et le consommateur, ceux-ci s\u2019efforceront de trouver une solution amiable. A d\u00e9faut d\u2019accord amiable, le consommateur a la possibilit\u00e9 de saisir gratuitement le m\u00e9diateur de la consommation dont rel\u00e8ve le professionnel, \u00e0 savoir l\u2019Association des M\u00e9diateurs Europ\u00e9ens (AME CONSO), dans un d\u00e9lai d\u2019un an \u00e0 compter de la r\u00e9clamation \u00e9crite adress\u00e9e au professionnel.<br \/>\nLa saisine du m\u00e9diateur de la consommation devra s\u2019effectuer :<br \/>\n&#8211; soit en compl\u00e9tant le formulaire pr\u00e9vu \u00e0 cet effet sur le site internet de l\u2019AME CONSO : www.mediationconso-ame.com<br \/>\n&#8211; soit par courrier adress\u00e9 \u00e0 l\u2019AME CONSO : 197 Boulevard Saint-Germain, 75007 Paris<\/p>\n<p><strong>Droit de r\u00e9tractation :<\/strong><br \/>\nConform\u00e9ment \u00e0 l\u2019article L.221-28 du Code de la Consommation, le droit de r\u00e9tractation ne peut \u00eatre exerc\u00e9 pour les contrats de prestations de services d&#8217;h\u00e9bergement, autres que d&#8217;h\u00e9bergement r\u00e9sidentiel, de services de transport de biens, de locations de voitures, de restauration ou d&#8217;activit\u00e9s de loisirs qui doivent \u00eatre fournis \u00e0 une date ou \u00e0 une p\u00e9riode d\u00e9termin\u00e9e.<\/p>\n<p><strong>D\u00e9marchage t\u00e9l\u00e9phonique :<\/strong><br \/>\nConform\u00e9ment \u00e0 l\u2019article L.223-2 du Code de la Consommation, le consommateur peut s\u2019inscrire sur la liste d\u2019opposition au d\u00e9marchage t\u00e9l\u00e9phonique dite liste BLOCTEL dont le lien est le suivant : https:\/\/www.bloctel.gouv.fr\/.<\/p>\n<p><strong>Plateforme de r\u00e8glement en ligne des litiges :<\/strong><br \/>\nConform\u00e9ment \u00e0 l\u2019article L.616-2 du Code de la Consommation et \u00e0 l\u2019article 14 du r\u00e8glement n\u00b0524\/2013, le consommateur peut utiliser la plateforme de r\u00e8glement en ligne des litiges (RLL) dont le lien est le suivant : https:\/\/ec.europa.eu\/consumers\/odr\/main\/index.cfm?event=main.home2.show&amp;lng=FR<\/p>\n<p><strong>Traitement des donn\u00e9es personnelles :<\/strong><br \/>\nConform\u00e9ment au R\u00e8glement G\u00e9n\u00e9ral sur la Protection des Donn\u00e9es et \u00e0 la Loi Informatique et Libert\u00e9s, le consommateur peut contacter l\u2019\u00e9tablissement \u00e0 tout moment pour exercer son droit d\u2019acc\u00e8s, de rectification, d\u2019oubli, d\u2019opposition, de portabilit\u00e9, de suppression et\/ ou de retrait de consentement sur les donn\u00e9es personnelles aux coordonn\u00e9es suivants :<br \/>\nH\u00f4tel La Tr\u00e9moille<br \/>\n14 rue de la Tr\u00e9moille<br \/>\n75 008 Paris<br \/>\nrh@hotel-tremoille.fr<\/p>\n","protected":false},"excerpt":{"rendered":"<p>Nom de l&#8217;\u00e9tablissement : H\u00f4tel La Tr\u00e9moille Adresse de l&#8217;\u00e9tablissement : 14 rue de la Tr\u00e9moille 75 008 Paris Coordonn\u00e9es t\u00e9l\u00e9phoniques : +33 (0)1 56 52 14 00 Adresse \u00e9lectronique : reservation@hotel-tremoille.fr Raison sociale : H\u00f4tel La Tr\u00e9moille 14-16 rue de La Tr\u00e9moille 75 008 Paris Immatriculation au Registre du Commerce et des Soci\u00e9t\u00e9s : [&hellip;]<\/p>\n","protected":false},"author":137,"featured_media":0,"parent":0,"menu_order":70,"comment_status":"closed","ping_status":"closed","template":"","meta":{"footnotes":""},"class_list":["post-178","page","type-page","status-publish","hentry"],"yoast_head":"<!-- This site is optimized with the Yoast SEO plugin v26.9 - https:\/\/yoast.com\/product\/yoast-seo-wordpress\/ -->\n<title>H\u00f4tel de La Tr\u00e9moille | Legal information | Official website<\/title>\n<meta name=\"description\" content=\"Company name: H\u00f4tel de la Tr\u00e9moille SASHead Office address: 14 rue de la Tr\u00e9moille, 75008 Paris\" \/>\n<meta name=\"robots\" content=\"index, follow, max-snippet:-1, max-image-preview:large, max-video-preview:-1\" \/>\n<link rel=\"canonical\" href=\"https:\/\/www.hotel-tremoille.fr\/en\/legal-information\/\" \/>\n<meta property=\"og:locale\" content=\"en_US\" \/>\n<meta property=\"og:type\" content=\"article\" \/>\n<meta property=\"og:title\" content=\"H\u00f4tel de La Tr\u00e9moille | Legal information | Official website\" \/>\n<meta property=\"og:description\" content=\"Company name: H\u00f4tel de la Tr\u00e9moille SASHead Office address: 14 rue de la Tr\u00e9moille, 75008 Paris\" \/>\n<meta property=\"og:url\" content=\"https:\/\/www.hotel-tremoille.fr\/en\/legal-information\/\" \/>\n<meta property=\"og:site_name\" content=\"Hotel de la Tremoille\" \/>\n<meta property=\"article:modified_time\" content=\"2025-04-04T08:41:18+00:00\" \/>\n<meta name=\"twitter:card\" content=\"summary_large_image\" \/>\n<meta name=\"twitter:label1\" content=\"Est. reading time\" \/>\n\t<meta name=\"twitter:data1\" content=\"2 minutes\" \/>\n<script type=\"application\/ld+json\" class=\"yoast-schema-graph\">{\"@context\":\"https:\/\/schema.org\",\"@graph\":[{\"@type\":\"WebPage\",\"@id\":\"https:\/\/www.hotel-tremoille.fr\/en\/legal-information\/\",\"url\":\"https:\/\/www.hotel-tremoille.fr\/en\/legal-information\/\",\"name\":\"H\u00f4tel de La Tr\u00e9moille | Legal information | Official website\",\"isPartOf\":{\"@id\":\"https:\/\/www.hotel-tremoille.fr\/en\/#website\"},\"datePublished\":\"2022-06-02T20:43:06+00:00\",\"dateModified\":\"2025-04-04T08:41:18+00:00\",\"description\":\"Company name: H\u00f4tel de la Tr\u00e9moille SASHead Office address: 14 rue de la Tr\u00e9moille, 75008 Paris\",\"breadcrumb\":{\"@id\":\"https:\/\/www.hotel-tremoille.fr\/en\/legal-information\/#breadcrumb\"},\"inLanguage\":\"en-US\",\"potentialAction\":[{\"@type\":\"ReadAction\",\"target\":[\"https:\/\/www.hotel-tremoille.fr\/en\/legal-information\/\"]}]},{\"@type\":\"BreadcrumbList\",\"@id\":\"https:\/\/www.hotel-tremoille.fr\/en\/legal-information\/#breadcrumb\",\"itemListElement\":[{\"@type\":\"ListItem\",\"position\":1,\"name\":\"Home\",\"item\":\"https:\/\/www.hotel-tremoille.fr\/en\/\"},{\"@type\":\"ListItem\",\"position\":2,\"name\":\"Legal information\"}]},{\"@type\":\"WebSite\",\"@id\":\"https:\/\/www.hotel-tremoille.fr\/en\/#website\",\"url\":\"https:\/\/www.hotel-tremoille.fr\/en\/\",\"name\":\"Hotel de la Tremoille\",\"description\":\"\",\"publisher\":{\"@id\":\"https:\/\/www.hotel-tremoille.fr\/en\/#organization\"},\"potentialAction\":[{\"@type\":\"SearchAction\",\"target\":{\"@type\":\"EntryPoint\",\"urlTemplate\":\"https:\/\/www.hotel-tremoille.fr\/en\/?s={search_term_string}\"},\"query-input\":{\"@type\":\"PropertyValueSpecification\",\"valueRequired\":true,\"valueName\":\"search_term_string\"}}],\"inLanguage\":\"en-US\"},{\"@type\":\"Organization\",\"@id\":\"https:\/\/www.hotel-tremoille.fr\/en\/#organization\",\"name\":\"La Tr\u00e9moille\",\"url\":\"https:\/\/www.hotel-tremoille.fr\/en\/\",\"logo\":{\"@type\":\"ImageObject\",\"inLanguage\":\"en-US\",\"@id\":\"https:\/\/www.hotel-tremoille.fr\/en\/#\/schema\/logo\/image\/\",\"url\":\"https:\/\/tremoille.ms.decms.eu\/wp-content\/uploads\/sites\/454\/2022\/06\/La-Tremoille-Paris-LOGO.png\",\"contentUrl\":\"https:\/\/tremoille.ms.decms.eu\/wp-content\/uploads\/sites\/454\/2022\/06\/La-Tremoille-Paris-LOGO.png\",\"width\":595,\"height\":424,\"caption\":\"La Tr\u00e9moille\"},\"image\":{\"@id\":\"https:\/\/www.hotel-tremoille.fr\/en\/#\/schema\/logo\/image\/\"}}]}<\/script>\n<!-- \/ Yoast SEO plugin. -->","yoast_head_json":{"title":"H\u00f4tel de La Tr\u00e9moille | Legal information | Official website","description":"Company name: H\u00f4tel de la Tr\u00e9moille SASHead Office address: 14 rue de la Tr\u00e9moille, 75008 Paris","robots":{"index":"index","follow":"follow","max-snippet":"max-snippet:-1","max-image-preview":"max-image-preview:large","max-video-preview":"max-video-preview:-1"},"canonical":"https:\/\/www.hotel-tremoille.fr\/en\/legal-information\/","og_locale":"en_US","og_type":"article","og_title":"H\u00f4tel de La Tr\u00e9moille | Legal information | Official website","og_description":"Company name: H\u00f4tel de la Tr\u00e9moille SASHead Office address: 14 rue de la Tr\u00e9moille, 75008 Paris","og_url":"https:\/\/www.hotel-tremoille.fr\/en\/legal-information\/","og_site_name":"Hotel de la Tremoille","article_modified_time":"2025-04-04T08:41:18+00:00","twitter_card":"summary_large_image","twitter_misc":{"Est. reading time":"2 minutes"},"schema":{"@context":"https:\/\/schema.org","@graph":[{"@type":"WebPage","@id":"https:\/\/www.hotel-tremoille.fr\/en\/legal-information\/","url":"https:\/\/www.hotel-tremoille.fr\/en\/legal-information\/","name":"H\u00f4tel de La Tr\u00e9moille | Legal information | Official website","isPartOf":{"@id":"https:\/\/www.hotel-tremoille.fr\/en\/#website"},"datePublished":"2022-06-02T20:43:06+00:00","dateModified":"2025-04-04T08:41:18+00:00","description":"Company name: H\u00f4tel de la Tr\u00e9moille SASHead Office address: 14 rue de la Tr\u00e9moille, 75008 Paris","breadcrumb":{"@id":"https:\/\/www.hotel-tremoille.fr\/en\/legal-information\/#breadcrumb"},"inLanguage":"en-US","potentialAction":[{"@type":"ReadAction","target":["https:\/\/www.hotel-tremoille.fr\/en\/legal-information\/"]}]},{"@type":"BreadcrumbList","@id":"https:\/\/www.hotel-tremoille.fr\/en\/legal-information\/#breadcrumb","itemListElement":[{"@type":"ListItem","position":1,"name":"Home","item":"https:\/\/www.hotel-tremoille.fr\/en\/"},{"@type":"ListItem","position":2,"name":"Legal information"}]},{"@type":"WebSite","@id":"https:\/\/www.hotel-tremoille.fr\/en\/#website","url":"https:\/\/www.hotel-tremoille.fr\/en\/","name":"Hotel de la Tremoille","description":"","publisher":{"@id":"https:\/\/www.hotel-tremoille.fr\/en\/#organization"},"potentialAction":[{"@type":"SearchAction","target":{"@type":"EntryPoint","urlTemplate":"https:\/\/www.hotel-tremoille.fr\/en\/?s={search_term_string}"},"query-input":{"@type":"PropertyValueSpecification","valueRequired":true,"valueName":"search_term_string"}}],"inLanguage":"en-US"},{"@type":"Organization","@id":"https:\/\/www.hotel-tremoille.fr\/en\/#organization","name":"La Tr\u00e9moille","url":"https:\/\/www.hotel-tremoille.fr\/en\/","logo":{"@type":"ImageObject","inLanguage":"en-US","@id":"https:\/\/www.hotel-tremoille.fr\/en\/#\/schema\/logo\/image\/","url":"https:\/\/tremoille.ms.decms.eu\/wp-content\/uploads\/sites\/454\/2022\/06\/La-Tremoille-Paris-LOGO.png","contentUrl":"https:\/\/tremoille.ms.decms.eu\/wp-content\/uploads\/sites\/454\/2022\/06\/La-Tremoille-Paris-LOGO.png","width":595,"height":424,"caption":"La Tr\u00e9moille"},"image":{"@id":"https:\/\/www.hotel-tremoille.fr\/en\/#\/schema\/logo\/image\/"}}]}},"acf":[],"_links":{"self":[{"href":"https:\/\/www.hotel-tremoille.fr\/en\/wp-json\/wp\/v2\/pages\/178","targetHints":{"allow":["GET"]}}],"collection":[{"href":"https:\/\/www.hotel-tremoille.fr\/en\/wp-json\/wp\/v2\/pages"}],"about":[{"href":"https:\/\/www.hotel-tremoille.fr\/en\/wp-json\/wp\/v2\/types\/page"}],"author":[{"embeddable":true,"href":"https:\/\/www.hotel-tremoille.fr\/en\/wp-json\/wp\/v2\/users\/137"}],"replies":[{"embeddable":true,"href":"https:\/\/www.hotel-tremoille.fr\/en\/wp-json\/wp\/v2\/comments?post=178"}],"version-history":[{"count":0,"href":"https:\/\/www.hotel-tremoille.fr\/en\/wp-json\/wp\/v2\/pages\/178\/revisions"}],"wp:attachment":[{"href":"https:\/\/www.hotel-tremoille.fr\/en\/wp-json\/wp\/v2\/media?parent=178"}],"curies":[{"name":"wp","href":"https:\/\/api.w.org\/{rel}","templated":true}]}}