{"id":291,"date":"2022-06-02T15:44:24","date_gmt":"2022-06-02T15:44:24","guid":{"rendered":"https:\/\/tremoille.ms.decms.eu\/la-tremoille-paris\/"},"modified":"2024-03-01T09:34:33","modified_gmt":"2024-03-01T09:34:33","slug":"la-tremoille-paris","status":"publish","type":"page","link":"https:\/\/www.hotel-tremoille.fr\/es\/","title":{"rendered":"H\u00f4tel La Tr\u00e9moille ***"},"content":{"rendered":"<p style=\"text-align: center\">Hotel legendario desde 1925<\/p>\n<p style=\"text-align: center\">Construido en 1883 y transformado en un establecimiento de lujo en 1925, el Hotel de la Tremoille est\u00e1 ubicado en el coraz\u00f3n del distrito 8 de Par\u00eds, a pocos pasos de la famosa Avenida Montaigne, de la Torre Eiffel, de los Campos El\u00edseos, del Arco del Triunfo y del Museo del Louvre.<\/p>\n<p style=\"text-align: center\">Nuestro hotel boutique se distingue por su elegancia t\u00edpicamente parisina y su cl\u00e1sico encanto franc\u00e9s: edificio haussmanniano, fachada catalogada en piedra labrada, balcones de hierro forjado, molduras originales en el techo, chemineas en m\u00e1rmol, cuadros y tapicer\u00edas de \u00e9poca.<\/p>\n<p style=\"text-align: center\">Ya sea para un viaje de negocios, una escapada rom\u00e1ntica o una estancia en familia, disfrute de una experiencia \u00fanica en un ambiente elegante e \u00edntimo del H\u00f4tel de La Tr\u00e9moille.<\/p>\n","protected":false},"excerpt":{"rendered":"<p>Hotel legendario desde 1925 Construido en 1883 y transformado en un establecimiento de lujo en 1925, el Hotel de la Tremoille est\u00e1 ubicado en el coraz\u00f3n del distrito 8 de Par\u00eds, a pocos pasos de la famosa Avenida Montaigne, de la Torre Eiffel, de los Campos El\u00edseos, del Arco del Triunfo y del Museo del [&hellip;]<\/p>\n","protected":false},"author":137,"featured_media":0,"parent":0,"menu_order":0,"comment_status":"closed","ping_status":"closed","template":"","meta":{"footnotes":""},"class_list":["post-291","page","type-page","status-publish","hentry"],"yoast_head":"<!-- This site is optimized with the Yoast SEO plugin v26.9 - https:\/\/yoast.com\/product\/yoast-seo-wordpress\/ -->\n<title>Hotel La Tr\u00e9moille | Par\u00eds | Sitio oficial<\/title>\n<meta name=\"description\" content=\"La Tremoille Paris es un hotel en el distrito 8 cerca de los lugares tur\u00edsticos: de la Avenida Montaigne, de la Torre Eiffel, de los Campos El\u00edseos , del Arco del Triunfo y de los museos Louvre y Orsay\" \/>\n<meta name=\"robots\" content=\"index, follow, max-snippet:-1, max-image-preview:large, max-video-preview:-1\" \/>\n<link rel=\"canonical\" href=\"https:\/\/www.hotel-tremoille.fr\/es\/\" \/>\n<meta property=\"og:locale\" content=\"es_ES\" \/>\n<meta property=\"og:type\" content=\"article\" \/>\n<meta property=\"og:title\" content=\"Hotel La Tr\u00e9moille | Par\u00eds | Sitio oficial\" \/>\n<meta property=\"og:description\" content=\"La Tremoille Paris es un hotel en el distrito 8 cerca de los lugares tur\u00edsticos: de la Avenida Montaigne, de la Torre Eiffel, de los Campos El\u00edseos , del Arco del Triunfo y de los museos Louvre y Orsay\" \/>\n<meta property=\"og:url\" content=\"https:\/\/www.hotel-tremoille.fr\/es\/\" \/>\n<meta property=\"og:site_name\" content=\"Hotel de la Tremoille\" \/>\n<meta property=\"article:modified_time\" content=\"2024-03-01T09:34:33+00:00\" \/>\n<meta name=\"twitter:card\" content=\"summary_large_image\" \/>\n<meta name=\"twitter:label1\" content=\"Tiempo de lectura\" \/>\n\t<meta name=\"twitter:data1\" content=\"1 minuto\" \/>\n<script type=\"application\/ld+json\" class=\"yoast-schema-graph\">{\"@context\":\"https:\/\/schema.org\",\"@graph\":[{\"@type\":\"WebPage\",\"@id\":\"https:\/\/www.hotel-tremoille.fr\/es\/\",\"url\":\"https:\/\/www.hotel-tremoille.fr\/es\/\",\"name\":\"Hotel La Tr\u00e9moille | Par\u00eds | Sitio oficial\",\"isPartOf\":{\"@id\":\"https:\/\/www.hotel-tremoille.fr\/es\/#website\"},\"datePublished\":\"2022-06-02T15:44:24+00:00\",\"dateModified\":\"2024-03-01T09:34:33+00:00\",\"description\":\"La Tremoille Paris es un hotel en el distrito 8 cerca de los lugares tur\u00edsticos: de la Avenida Montaigne, de la Torre Eiffel, de los Campos El\u00edseos , del Arco del Triunfo y de los museos Louvre y Orsay\",\"breadcrumb\":{\"@id\":\"https:\/\/www.hotel-tremoille.fr\/es\/#breadcrumb\"},\"inLanguage\":\"es\",\"potentialAction\":[{\"@type\":\"ReadAction\",\"target\":[\"https:\/\/www.hotel-tremoille.fr\/es\/\"]}]},{\"@type\":\"BreadcrumbList\",\"@id\":\"https:\/\/www.hotel-tremoille.fr\/es\/#breadcrumb\",\"itemListElement\":[{\"@type\":\"ListItem\",\"position\":1,\"name\":\"Home\",\"item\":\"https:\/\/www.hotel-tremoille.fr\/es\/\"},{\"@type\":\"ListItem\",\"position\":2,\"name\":\"H\u00f4tel La Tr\u00e9moille ***\"}]},{\"@type\":\"WebSite\",\"@id\":\"https:\/\/www.hotel-tremoille.fr\/es\/#website\",\"url\":\"https:\/\/www.hotel-tremoille.fr\/es\/\",\"name\":\"Hotel de la Tremoille\",\"description\":\"\",\"publisher\":{\"@id\":\"https:\/\/www.hotel-tremoille.fr\/es\/#organization\"},\"potentialAction\":[{\"@type\":\"SearchAction\",\"target\":{\"@type\":\"EntryPoint\",\"urlTemplate\":\"https:\/\/www.hotel-tremoille.fr\/es\/?s={search_term_string}\"},\"query-input\":{\"@type\":\"PropertyValueSpecification\",\"valueRequired\":true,\"valueName\":\"search_term_string\"}}],\"inLanguage\":\"es\"},{\"@type\":\"Organization\",\"@id\":\"https:\/\/www.hotel-tremoille.fr\/es\/#organization\",\"name\":\"La Tr\u00e9moille\",\"url\":\"https:\/\/www.hotel-tremoille.fr\/es\/\",\"logo\":{\"@type\":\"ImageObject\",\"inLanguage\":\"es\",\"@id\":\"https:\/\/www.hotel-tremoille.fr\/es\/#\/schema\/logo\/image\/\",\"url\":\"https:\/\/tremoille.ms.decms.eu\/wp-content\/uploads\/sites\/454\/2022\/06\/La-Tremoille-Paris-LOGO.png\",\"contentUrl\":\"https:\/\/tremoille.ms.decms.eu\/wp-content\/uploads\/sites\/454\/2022\/06\/La-Tremoille-Paris-LOGO.png\",\"width\":595,\"height\":424,\"caption\":\"La Tr\u00e9moille\"},\"image\":{\"@id\":\"https:\/\/www.hotel-tremoille.fr\/es\/#\/schema\/logo\/image\/\"}}]}<\/script>\n<!-- \/ Yoast SEO plugin. -->","yoast_head_json":{"title":"Hotel La Tr\u00e9moille | Par\u00eds | Sitio oficial","description":"La Tremoille Paris es un hotel en el distrito 8 cerca de los lugares tur\u00edsticos: de la Avenida Montaigne, de la Torre Eiffel, de los Campos El\u00edseos , del Arco del Triunfo y de los museos Louvre y Orsay","robots":{"index":"index","follow":"follow","max-snippet":"max-snippet:-1","max-image-preview":"max-image-preview:large","max-video-preview":"max-video-preview:-1"},"canonical":"https:\/\/www.hotel-tremoille.fr\/es\/","og_locale":"es_ES","og_type":"article","og_title":"Hotel La Tr\u00e9moille | Par\u00eds | Sitio oficial","og_description":"La Tremoille Paris es un hotel en el distrito 8 cerca de los lugares tur\u00edsticos: de la Avenida Montaigne, de la Torre Eiffel, de los Campos El\u00edseos , del Arco del Triunfo y de los museos Louvre y Orsay","og_url":"https:\/\/www.hotel-tremoille.fr\/es\/","og_site_name":"Hotel de la Tremoille","article_modified_time":"2024-03-01T09:34:33+00:00","twitter_card":"summary_large_image","twitter_misc":{"Tiempo de lectura":"1 minuto"},"schema":{"@context":"https:\/\/schema.org","@graph":[{"@type":"WebPage","@id":"https:\/\/www.hotel-tremoille.fr\/es\/","url":"https:\/\/www.hotel-tremoille.fr\/es\/","name":"Hotel La Tr\u00e9moille | Par\u00eds | Sitio oficial","isPartOf":{"@id":"https:\/\/www.hotel-tremoille.fr\/es\/#website"},"datePublished":"2022-06-02T15:44:24+00:00","dateModified":"2024-03-01T09:34:33+00:00","description":"La Tremoille Paris es un hotel en el distrito 8 cerca de los lugares tur\u00edsticos: de la Avenida Montaigne, de la Torre Eiffel, de los Campos El\u00edseos , del Arco del Triunfo y de los museos Louvre y Orsay","breadcrumb":{"@id":"https:\/\/www.hotel-tremoille.fr\/es\/#breadcrumb"},"inLanguage":"es","potentialAction":[{"@type":"ReadAction","target":["https:\/\/www.hotel-tremoille.fr\/es\/"]}]},{"@type":"BreadcrumbList","@id":"https:\/\/www.hotel-tremoille.fr\/es\/#breadcrumb","itemListElement":[{"@type":"ListItem","position":1,"name":"Home","item":"https:\/\/www.hotel-tremoille.fr\/es\/"},{"@type":"ListItem","position":2,"name":"H\u00f4tel La Tr\u00e9moille ***"}]},{"@type":"WebSite","@id":"https:\/\/www.hotel-tremoille.fr\/es\/#website","url":"https:\/\/www.hotel-tremoille.fr\/es\/","name":"Hotel de la Tremoille","description":"","publisher":{"@id":"https:\/\/www.hotel-tremoille.fr\/es\/#organization"},"potentialAction":[{"@type":"SearchAction","target":{"@type":"EntryPoint","urlTemplate":"https:\/\/www.hotel-tremoille.fr\/es\/?s={search_term_string}"},"query-input":{"@type":"PropertyValueSpecification","valueRequired":true,"valueName":"search_term_string"}}],"inLanguage":"es"},{"@type":"Organization","@id":"https:\/\/www.hotel-tremoille.fr\/es\/#organization","name":"La Tr\u00e9moille","url":"https:\/\/www.hotel-tremoille.fr\/es\/","logo":{"@type":"ImageObject","inLanguage":"es","@id":"https:\/\/www.hotel-tremoille.fr\/es\/#\/schema\/logo\/image\/","url":"https:\/\/tremoille.ms.decms.eu\/wp-content\/uploads\/sites\/454\/2022\/06\/La-Tremoille-Paris-LOGO.png","contentUrl":"https:\/\/tremoille.ms.decms.eu\/wp-content\/uploads\/sites\/454\/2022\/06\/La-Tremoille-Paris-LOGO.png","width":595,"height":424,"caption":"La Tr\u00e9moille"},"image":{"@id":"https:\/\/www.hotel-tremoille.fr\/es\/#\/schema\/logo\/image\/"}}]}},"acf":[],"_links":{"self":[{"href":"https:\/\/www.hotel-tremoille.fr\/es\/wp-json\/wp\/v2\/pages\/291","targetHints":{"allow":["GET"]}}],"collection":[{"href":"https:\/\/www.hotel-tremoille.fr\/es\/wp-json\/wp\/v2\/pages"}],"about":[{"href":"https:\/\/www.hotel-tremoille.fr\/es\/wp-json\/wp\/v2\/types\/page"}],"author":[{"embeddable":true,"href":"https:\/\/www.hotel-tremoille.fr\/es\/wp-json\/wp\/v2\/users\/137"}],"replies":[{"embeddable":true,"href":"https:\/\/www.hotel-tremoille.fr\/es\/wp-json\/wp\/v2\/comments?post=291"}],"version-history":[{"count":0,"href":"https:\/\/www.hotel-tremoille.fr\/es\/wp-json\/wp\/v2\/pages\/291\/revisions"}],"wp:attachment":[{"href":"https:\/\/www.hotel-tremoille.fr\/es\/wp-json\/wp\/v2\/media?parent=291"}],"curies":[{"name":"wp","href":"https:\/\/api.w.org\/{rel}","templated":true}]}}