{"id":292,"date":"2022-06-02T16:22:32","date_gmt":"2022-06-02T16:22:32","guid":{"rendered":"https:\/\/tremoille.ms.decms.eu\/lhistoire-de-la-tremoille\/"},"modified":"2024-02-14T13:23:46","modified_gmt":"2024-02-14T13:23:46","slug":"la-historia-de-la-tremoille-paris","status":"publish","type":"page","link":"https:\/\/www.hotel-tremoille.fr\/es\/la-historia-de-la-tremoille-paris\/","title":{"rendered":"La historia de La Tr\u00e9moille Par\u00eds"},"content":{"rendered":"<p style=\"text-align: center\">Louis II, Sire de la Tr\u00e9moille, fue uno de los grandes nombres del Renacimiento. Al frente de los ej\u00e9rcitos de los reyes Carlos VIII, Luis XII y Francisco I, restaur\u00f3 la paz civil y trabaj\u00f3 por la reunificaci\u00f3n del reino de Francia. Par\u00eds honra su memoria con el nombre de una calle a la que el hotel La Tr\u00e9moille debe el suyo, y parte de su prestigio\u2026<\/p>\n<p style=\"text-align: center\">Originalmente una residencia privada, fu\u00e9 en 1925 cuando naci\u00f3 el establecimiento de lujo conocido bajo el nombre de La Tr\u00e9moille Paris. Personalidades legendarias de la m\u00fasica y el cine siempre han apreciado esta prestigiosa direcci\u00f3n a dos pasos de los Campos El\u00edseos. Lo demuestra la fotograf\u00eda en blanco y negro colgada en la entrada del hotel donde aparecen Louis Armstrong y Duke Ellington.<\/p>\n<p style=\"text-align: center\">Hoy, el hotel acoge a muchos artistas y celebridades en la discreci\u00f3n de su voluptuoso entorno.<\/p>\n","protected":false},"excerpt":{"rendered":"<p>Louis II, Sire de la Tr\u00e9moille, fue uno de los grandes nombres del Renacimiento. Al frente de los ej\u00e9rcitos de los reyes Carlos VIII, Luis XII y Francisco I, restaur\u00f3 la paz civil y trabaj\u00f3 por la reunificaci\u00f3n del reino de Francia. Par\u00eds honra su memoria con el nombre de una calle a la que [&hellip;]<\/p>\n","protected":false},"author":137,"featured_media":0,"parent":0,"menu_order":10,"comment_status":"closed","ping_status":"closed","template":"template-default-2.php","meta":{"footnotes":""},"class_list":["post-292","page","type-page","status-publish","hentry"],"yoast_head":"<!-- This site is optimized with the Yoast SEO plugin v26.9 - https:\/\/yoast.com\/product\/yoast-seo-wordpress\/ -->\n<title>Hotel La Tr\u00e9moille | Nuestra historia | Sitio oficial<\/title>\n<meta name=\"description\" content=\"Una direcci\u00f3n prestigiosa, Hotel La Tr\u00e9moille es un hotel hist\u00f3rico del sector que es un hotel de visita obligada del Tri\u00e1ngulo de Oro.\" \/>\n<meta name=\"robots\" content=\"index, follow, max-snippet:-1, max-image-preview:large, max-video-preview:-1\" \/>\n<link rel=\"canonical\" href=\"https:\/\/www.hotel-tremoille.fr\/es\/la-historia-de-la-tremoille-paris\/\" \/>\n<meta property=\"og:locale\" content=\"es_ES\" \/>\n<meta property=\"og:type\" content=\"article\" \/>\n<meta property=\"og:title\" content=\"Hotel La Tr\u00e9moille | Nuestra historia | Sitio oficial\" \/>\n<meta property=\"og:description\" content=\"Una direcci\u00f3n prestigiosa, Hotel La Tr\u00e9moille es un hotel hist\u00f3rico del sector que es un hotel de visita obligada del Tri\u00e1ngulo de Oro.\" \/>\n<meta property=\"og:url\" content=\"https:\/\/www.hotel-tremoille.fr\/es\/la-historia-de-la-tremoille-paris\/\" \/>\n<meta property=\"og:site_name\" content=\"Hotel de la Tremoille\" \/>\n<meta property=\"article:modified_time\" content=\"2024-02-14T13:23:46+00:00\" \/>\n<meta name=\"twitter:card\" content=\"summary_large_image\" \/>\n<meta name=\"twitter:label1\" content=\"Tiempo de lectura\" \/>\n\t<meta name=\"twitter:data1\" content=\"1 minuto\" \/>\n<script type=\"application\/ld+json\" class=\"yoast-schema-graph\">{\"@context\":\"https:\/\/schema.org\",\"@graph\":[{\"@type\":\"WebPage\",\"@id\":\"https:\/\/www.hotel-tremoille.fr\/es\/la-historia-de-la-tremoille-paris\/\",\"url\":\"https:\/\/www.hotel-tremoille.fr\/es\/la-historia-de-la-tremoille-paris\/\",\"name\":\"Hotel La Tr\u00e9moille | Nuestra historia | Sitio oficial\",\"isPartOf\":{\"@id\":\"https:\/\/www.hotel-tremoille.fr\/es\/#website\"},\"datePublished\":\"2022-06-02T16:22:32+00:00\",\"dateModified\":\"2024-02-14T13:23:46+00:00\",\"description\":\"Una direcci\u00f3n prestigiosa, Hotel La Tr\u00e9moille es un hotel hist\u00f3rico del sector que es un hotel de visita obligada del Tri\u00e1ngulo de Oro.\",\"breadcrumb\":{\"@id\":\"https:\/\/www.hotel-tremoille.fr\/es\/la-historia-de-la-tremoille-paris\/#breadcrumb\"},\"inLanguage\":\"es\",\"potentialAction\":[{\"@type\":\"ReadAction\",\"target\":[\"https:\/\/www.hotel-tremoille.fr\/es\/la-historia-de-la-tremoille-paris\/\"]}]},{\"@type\":\"BreadcrumbList\",\"@id\":\"https:\/\/www.hotel-tremoille.fr\/es\/la-historia-de-la-tremoille-paris\/#breadcrumb\",\"itemListElement\":[{\"@type\":\"ListItem\",\"position\":1,\"name\":\"Home\",\"item\":\"https:\/\/www.hotel-tremoille.fr\/es\/\"},{\"@type\":\"ListItem\",\"position\":2,\"name\":\"La historia de La Tr\u00e9moille Par\u00eds\"}]},{\"@type\":\"WebSite\",\"@id\":\"https:\/\/www.hotel-tremoille.fr\/es\/#website\",\"url\":\"https:\/\/www.hotel-tremoille.fr\/es\/\",\"name\":\"Hotel de la Tremoille\",\"description\":\"\",\"publisher\":{\"@id\":\"https:\/\/www.hotel-tremoille.fr\/es\/#organization\"},\"potentialAction\":[{\"@type\":\"SearchAction\",\"target\":{\"@type\":\"EntryPoint\",\"urlTemplate\":\"https:\/\/www.hotel-tremoille.fr\/es\/?s={search_term_string}\"},\"query-input\":{\"@type\":\"PropertyValueSpecification\",\"valueRequired\":true,\"valueName\":\"search_term_string\"}}],\"inLanguage\":\"es\"},{\"@type\":\"Organization\",\"@id\":\"https:\/\/www.hotel-tremoille.fr\/es\/#organization\",\"name\":\"La Tr\u00e9moille\",\"url\":\"https:\/\/www.hotel-tremoille.fr\/es\/\",\"logo\":{\"@type\":\"ImageObject\",\"inLanguage\":\"es\",\"@id\":\"https:\/\/www.hotel-tremoille.fr\/es\/#\/schema\/logo\/image\/\",\"url\":\"https:\/\/tremoille.ms.decms.eu\/wp-content\/uploads\/sites\/454\/2022\/06\/La-Tremoille-Paris-LOGO.png\",\"contentUrl\":\"https:\/\/tremoille.ms.decms.eu\/wp-content\/uploads\/sites\/454\/2022\/06\/La-Tremoille-Paris-LOGO.png\",\"width\":595,\"height\":424,\"caption\":\"La Tr\u00e9moille\"},\"image\":{\"@id\":\"https:\/\/www.hotel-tremoille.fr\/es\/#\/schema\/logo\/image\/\"}}]}<\/script>\n<!-- \/ Yoast SEO plugin. -->","yoast_head_json":{"title":"Hotel La Tr\u00e9moille | Nuestra historia | Sitio oficial","description":"Una direcci\u00f3n prestigiosa, Hotel La Tr\u00e9moille es un hotel hist\u00f3rico del sector que es un hotel de visita obligada del Tri\u00e1ngulo de Oro.","robots":{"index":"index","follow":"follow","max-snippet":"max-snippet:-1","max-image-preview":"max-image-preview:large","max-video-preview":"max-video-preview:-1"},"canonical":"https:\/\/www.hotel-tremoille.fr\/es\/la-historia-de-la-tremoille-paris\/","og_locale":"es_ES","og_type":"article","og_title":"Hotel La Tr\u00e9moille | Nuestra historia | Sitio oficial","og_description":"Una direcci\u00f3n prestigiosa, Hotel La Tr\u00e9moille es un hotel hist\u00f3rico del sector que es un hotel de visita obligada del Tri\u00e1ngulo de Oro.","og_url":"https:\/\/www.hotel-tremoille.fr\/es\/la-historia-de-la-tremoille-paris\/","og_site_name":"Hotel de la Tremoille","article_modified_time":"2024-02-14T13:23:46+00:00","twitter_card":"summary_large_image","twitter_misc":{"Tiempo de lectura":"1 minuto"},"schema":{"@context":"https:\/\/schema.org","@graph":[{"@type":"WebPage","@id":"https:\/\/www.hotel-tremoille.fr\/es\/la-historia-de-la-tremoille-paris\/","url":"https:\/\/www.hotel-tremoille.fr\/es\/la-historia-de-la-tremoille-paris\/","name":"Hotel La Tr\u00e9moille | Nuestra historia | Sitio oficial","isPartOf":{"@id":"https:\/\/www.hotel-tremoille.fr\/es\/#website"},"datePublished":"2022-06-02T16:22:32+00:00","dateModified":"2024-02-14T13:23:46+00:00","description":"Una direcci\u00f3n prestigiosa, Hotel La Tr\u00e9moille es un hotel hist\u00f3rico del sector que es un hotel de visita obligada del Tri\u00e1ngulo de Oro.","breadcrumb":{"@id":"https:\/\/www.hotel-tremoille.fr\/es\/la-historia-de-la-tremoille-paris\/#breadcrumb"},"inLanguage":"es","potentialAction":[{"@type":"ReadAction","target":["https:\/\/www.hotel-tremoille.fr\/es\/la-historia-de-la-tremoille-paris\/"]}]},{"@type":"BreadcrumbList","@id":"https:\/\/www.hotel-tremoille.fr\/es\/la-historia-de-la-tremoille-paris\/#breadcrumb","itemListElement":[{"@type":"ListItem","position":1,"name":"Home","item":"https:\/\/www.hotel-tremoille.fr\/es\/"},{"@type":"ListItem","position":2,"name":"La historia de La Tr\u00e9moille Par\u00eds"}]},{"@type":"WebSite","@id":"https:\/\/www.hotel-tremoille.fr\/es\/#website","url":"https:\/\/www.hotel-tremoille.fr\/es\/","name":"Hotel de la Tremoille","description":"","publisher":{"@id":"https:\/\/www.hotel-tremoille.fr\/es\/#organization"},"potentialAction":[{"@type":"SearchAction","target":{"@type":"EntryPoint","urlTemplate":"https:\/\/www.hotel-tremoille.fr\/es\/?s={search_term_string}"},"query-input":{"@type":"PropertyValueSpecification","valueRequired":true,"valueName":"search_term_string"}}],"inLanguage":"es"},{"@type":"Organization","@id":"https:\/\/www.hotel-tremoille.fr\/es\/#organization","name":"La Tr\u00e9moille","url":"https:\/\/www.hotel-tremoille.fr\/es\/","logo":{"@type":"ImageObject","inLanguage":"es","@id":"https:\/\/www.hotel-tremoille.fr\/es\/#\/schema\/logo\/image\/","url":"https:\/\/tremoille.ms.decms.eu\/wp-content\/uploads\/sites\/454\/2022\/06\/La-Tremoille-Paris-LOGO.png","contentUrl":"https:\/\/tremoille.ms.decms.eu\/wp-content\/uploads\/sites\/454\/2022\/06\/La-Tremoille-Paris-LOGO.png","width":595,"height":424,"caption":"La Tr\u00e9moille"},"image":{"@id":"https:\/\/www.hotel-tremoille.fr\/es\/#\/schema\/logo\/image\/"}}]}},"acf":[],"_links":{"self":[{"href":"https:\/\/www.hotel-tremoille.fr\/es\/wp-json\/wp\/v2\/pages\/292","targetHints":{"allow":["GET"]}}],"collection":[{"href":"https:\/\/www.hotel-tremoille.fr\/es\/wp-json\/wp\/v2\/pages"}],"about":[{"href":"https:\/\/www.hotel-tremoille.fr\/es\/wp-json\/wp\/v2\/types\/page"}],"author":[{"embeddable":true,"href":"https:\/\/www.hotel-tremoille.fr\/es\/wp-json\/wp\/v2\/users\/137"}],"replies":[{"embeddable":true,"href":"https:\/\/www.hotel-tremoille.fr\/es\/wp-json\/wp\/v2\/comments?post=292"}],"version-history":[{"count":0,"href":"https:\/\/www.hotel-tremoille.fr\/es\/wp-json\/wp\/v2\/pages\/292\/revisions"}],"wp:attachment":[{"href":"https:\/\/www.hotel-tremoille.fr\/es\/wp-json\/wp\/v2\/media?parent=292"}],"curies":[{"name":"wp","href":"https:\/\/api.w.org\/{rel}","templated":true}]}}