{"id":293,"date":"2022-06-02T16:42:31","date_gmt":"2022-06-02T16:42:31","guid":{"rendered":"https:\/\/tremoille.ms.decms.eu\/nos-services-sur-mesure\/"},"modified":"2024-02-29T16:00:51","modified_gmt":"2024-02-29T16:00:51","slug":"nuestros-servicios-a-la-medida","status":"publish","type":"page","link":"https:\/\/www.hotel-tremoille.fr\/es\/nuestros-servicios-a-la-medida\/","title":{"rendered":"Nuestros servicios a la medida"},"content":{"rendered":"<p style=\"text-align: center\">Un establecimiento de elecci\u00f3n situado en el coraz\u00f3n del Tri\u00e1ngulo de Oro, el H\u00f4tel La Tr\u00e9moille ofrece numerosos servicios personalizados.<\/p>\n<p style=\"text-align: center\">Todas nuestras habitaciones est\u00e1n equipadas con acceso gratuito a Internet, televisi\u00f3n de pantalla plana con acceso a canales internacionales, caja fuerte individual, bandeja de cortes\u00eda y minibar con una amplia gama de productos.<\/p>\n<p style=\"text-align: center\">Nuestro restaurante y bar est\u00e1n actualmente cerrados. Durante este per\u00edodo, el desayuno continental se sirve en la habitaci\u00f3n a un precio de 29 euros por persona y d\u00eda y una tarjeta de servicio de habitaciones permanece disponible las 19 horas del d\u00eda.<br \/>\nNuestro personal de recepci\u00f3n est\u00e1 a su disposici\u00f3n para planificar su estancia : reserva de taxis, restaurantes, teatros y espect\u00e1culos, peluquer\u00eda, tratamientos de relajaci\u00f3n y belleza, facilitador de sala fitness y servicio de guarder\u00eda. El almacenamiento seguro de equipaje le permite guardar su equipaje en caso de llegada anticipada o salida tard\u00eda.<\/p>\n<p style=\"text-align: center\">Nuestro servicio de habitaciones cuenta con todas las comodidades necesarias para que su estancia sea placentera. Bajo petici\u00f3n, se encuentran disponibles almohadas adicionales de varios tipos, utensilios de planchado individuales, un kit de higiene, un kit de bet\u00fan para zapatos y art\u00edculos para beb\u00e9s. Tambi\u00e9n hay disponible un servicio de lavander\u00eda.<\/p>\n<p style=\"text-align: center\">El spa se encuentra actualmente cerrado.<\/p>\n<p style=\"text-align: center\">Nuestro establecimiento no es totalmente accesible para personas con movilidad reducida.<\/p>\n","protected":false},"excerpt":{"rendered":"<p>Un establecimiento de elecci\u00f3n situado en el coraz\u00f3n del Tri\u00e1ngulo de Oro, el H\u00f4tel La Tr\u00e9moille ofrece numerosos servicios personalizados. Todas nuestras habitaciones est\u00e1n equipadas con acceso gratuito a Internet, televisi\u00f3n de pantalla plana con acceso a canales internacionales, caja fuerte individual, bandeja de cortes\u00eda y minibar con una amplia gama de productos. Nuestro restaurante [&hellip;]<\/p>\n","protected":false},"author":137,"featured_media":0,"parent":0,"menu_order":30,"comment_status":"closed","ping_status":"closed","template":"template-services.php","meta":{"footnotes":""},"class_list":["post-293","page","type-page","status-publish","hentry"],"yoast_head":"<!-- This site is optimized with the Yoast SEO plugin v26.9 - https:\/\/yoast.com\/product\/yoast-seo-wordpress\/ -->\n<title>Hotel La Tr\u00e9moille | Nuestros servicios | Sitio oficial<\/title>\n<meta name=\"description\" content=\"El H\u00f4tel de La Tr\u00e9moille Paris ofrece numerosos servicios a la medida para una estadia inolvidable: conserjer\u00eda &quot;Clefs d&#039;Or&quot;, spa, sala de fitness, restaurante, servicio de aparcacoches, etc.\" \/>\n<meta name=\"robots\" content=\"index, follow, max-snippet:-1, max-image-preview:large, max-video-preview:-1\" \/>\n<link rel=\"canonical\" href=\"https:\/\/www.hotel-tremoille.fr\/es\/nuestros-servicios-a-la-medida\/\" \/>\n<meta property=\"og:locale\" content=\"es_ES\" \/>\n<meta property=\"og:type\" content=\"article\" \/>\n<meta property=\"og:title\" content=\"Hotel La Tr\u00e9moille | Nuestros servicios | Sitio oficial\" \/>\n<meta property=\"og:description\" content=\"El H\u00f4tel de La Tr\u00e9moille Paris ofrece numerosos servicios a la medida para una estadia inolvidable: conserjer\u00eda &quot;Clefs d&#039;Or&quot;, spa, sala de fitness, restaurante, servicio de aparcacoches, etc.\" \/>\n<meta property=\"og:url\" content=\"https:\/\/www.hotel-tremoille.fr\/es\/nuestros-servicios-a-la-medida\/\" \/>\n<meta property=\"og:site_name\" content=\"Hotel de la Tremoille\" \/>\n<meta property=\"article:modified_time\" content=\"2024-02-29T16:00:51+00:00\" \/>\n<meta name=\"twitter:card\" content=\"summary_large_image\" \/>\n<meta name=\"twitter:label1\" content=\"Tiempo de lectura\" \/>\n\t<meta name=\"twitter:data1\" content=\"1 minuto\" \/>\n<script type=\"application\/ld+json\" class=\"yoast-schema-graph\">{\"@context\":\"https:\/\/schema.org\",\"@graph\":[{\"@type\":\"WebPage\",\"@id\":\"https:\/\/www.hotel-tremoille.fr\/es\/nuestros-servicios-a-la-medida\/\",\"url\":\"https:\/\/www.hotel-tremoille.fr\/es\/nuestros-servicios-a-la-medida\/\",\"name\":\"Hotel La Tr\u00e9moille | Nuestros servicios | Sitio oficial\",\"isPartOf\":{\"@id\":\"https:\/\/www.hotel-tremoille.fr\/es\/#website\"},\"datePublished\":\"2022-06-02T16:42:31+00:00\",\"dateModified\":\"2024-02-29T16:00:51+00:00\",\"description\":\"El H\u00f4tel de La Tr\u00e9moille Paris ofrece numerosos servicios a la medida para una estadia inolvidable: conserjer\u00eda \\\"Clefs d'Or\\\", spa, sala de fitness, restaurante, servicio de aparcacoches, etc.\",\"breadcrumb\":{\"@id\":\"https:\/\/www.hotel-tremoille.fr\/es\/nuestros-servicios-a-la-medida\/#breadcrumb\"},\"inLanguage\":\"es\",\"potentialAction\":[{\"@type\":\"ReadAction\",\"target\":[\"https:\/\/www.hotel-tremoille.fr\/es\/nuestros-servicios-a-la-medida\/\"]}]},{\"@type\":\"BreadcrumbList\",\"@id\":\"https:\/\/www.hotel-tremoille.fr\/es\/nuestros-servicios-a-la-medida\/#breadcrumb\",\"itemListElement\":[{\"@type\":\"ListItem\",\"position\":1,\"name\":\"Home\",\"item\":\"https:\/\/www.hotel-tremoille.fr\/es\/\"},{\"@type\":\"ListItem\",\"position\":2,\"name\":\"Nuestros servicios a la medida\"}]},{\"@type\":\"WebSite\",\"@id\":\"https:\/\/www.hotel-tremoille.fr\/es\/#website\",\"url\":\"https:\/\/www.hotel-tremoille.fr\/es\/\",\"name\":\"Hotel de la Tremoille\",\"description\":\"\",\"publisher\":{\"@id\":\"https:\/\/www.hotel-tremoille.fr\/es\/#organization\"},\"potentialAction\":[{\"@type\":\"SearchAction\",\"target\":{\"@type\":\"EntryPoint\",\"urlTemplate\":\"https:\/\/www.hotel-tremoille.fr\/es\/?s={search_term_string}\"},\"query-input\":{\"@type\":\"PropertyValueSpecification\",\"valueRequired\":true,\"valueName\":\"search_term_string\"}}],\"inLanguage\":\"es\"},{\"@type\":\"Organization\",\"@id\":\"https:\/\/www.hotel-tremoille.fr\/es\/#organization\",\"name\":\"La Tr\u00e9moille\",\"url\":\"https:\/\/www.hotel-tremoille.fr\/es\/\",\"logo\":{\"@type\":\"ImageObject\",\"inLanguage\":\"es\",\"@id\":\"https:\/\/www.hotel-tremoille.fr\/es\/#\/schema\/logo\/image\/\",\"url\":\"https:\/\/tremoille.ms.decms.eu\/wp-content\/uploads\/sites\/454\/2022\/06\/La-Tremoille-Paris-LOGO.png\",\"contentUrl\":\"https:\/\/tremoille.ms.decms.eu\/wp-content\/uploads\/sites\/454\/2022\/06\/La-Tremoille-Paris-LOGO.png\",\"width\":595,\"height\":424,\"caption\":\"La Tr\u00e9moille\"},\"image\":{\"@id\":\"https:\/\/www.hotel-tremoille.fr\/es\/#\/schema\/logo\/image\/\"}}]}<\/script>\n<!-- \/ Yoast SEO plugin. -->","yoast_head_json":{"title":"Hotel La Tr\u00e9moille | Nuestros servicios | Sitio oficial","description":"El H\u00f4tel de La Tr\u00e9moille Paris ofrece numerosos servicios a la medida para una estadia inolvidable: conserjer\u00eda \"Clefs d'Or\", spa, sala de fitness, restaurante, servicio de aparcacoches, etc.","robots":{"index":"index","follow":"follow","max-snippet":"max-snippet:-1","max-image-preview":"max-image-preview:large","max-video-preview":"max-video-preview:-1"},"canonical":"https:\/\/www.hotel-tremoille.fr\/es\/nuestros-servicios-a-la-medida\/","og_locale":"es_ES","og_type":"article","og_title":"Hotel La Tr\u00e9moille | Nuestros servicios | Sitio oficial","og_description":"El H\u00f4tel de La Tr\u00e9moille Paris ofrece numerosos servicios a la medida para una estadia inolvidable: conserjer\u00eda \"Clefs d'Or\", spa, sala de fitness, restaurante, servicio de aparcacoches, etc.","og_url":"https:\/\/www.hotel-tremoille.fr\/es\/nuestros-servicios-a-la-medida\/","og_site_name":"Hotel de la Tremoille","article_modified_time":"2024-02-29T16:00:51+00:00","twitter_card":"summary_large_image","twitter_misc":{"Tiempo de lectura":"1 minuto"},"schema":{"@context":"https:\/\/schema.org","@graph":[{"@type":"WebPage","@id":"https:\/\/www.hotel-tremoille.fr\/es\/nuestros-servicios-a-la-medida\/","url":"https:\/\/www.hotel-tremoille.fr\/es\/nuestros-servicios-a-la-medida\/","name":"Hotel La Tr\u00e9moille | Nuestros servicios | Sitio oficial","isPartOf":{"@id":"https:\/\/www.hotel-tremoille.fr\/es\/#website"},"datePublished":"2022-06-02T16:42:31+00:00","dateModified":"2024-02-29T16:00:51+00:00","description":"El H\u00f4tel de La Tr\u00e9moille Paris ofrece numerosos servicios a la medida para una estadia inolvidable: conserjer\u00eda \"Clefs d'Or\", spa, sala de fitness, restaurante, servicio de aparcacoches, etc.","breadcrumb":{"@id":"https:\/\/www.hotel-tremoille.fr\/es\/nuestros-servicios-a-la-medida\/#breadcrumb"},"inLanguage":"es","potentialAction":[{"@type":"ReadAction","target":["https:\/\/www.hotel-tremoille.fr\/es\/nuestros-servicios-a-la-medida\/"]}]},{"@type":"BreadcrumbList","@id":"https:\/\/www.hotel-tremoille.fr\/es\/nuestros-servicios-a-la-medida\/#breadcrumb","itemListElement":[{"@type":"ListItem","position":1,"name":"Home","item":"https:\/\/www.hotel-tremoille.fr\/es\/"},{"@type":"ListItem","position":2,"name":"Nuestros servicios a la medida"}]},{"@type":"WebSite","@id":"https:\/\/www.hotel-tremoille.fr\/es\/#website","url":"https:\/\/www.hotel-tremoille.fr\/es\/","name":"Hotel de la Tremoille","description":"","publisher":{"@id":"https:\/\/www.hotel-tremoille.fr\/es\/#organization"},"potentialAction":[{"@type":"SearchAction","target":{"@type":"EntryPoint","urlTemplate":"https:\/\/www.hotel-tremoille.fr\/es\/?s={search_term_string}"},"query-input":{"@type":"PropertyValueSpecification","valueRequired":true,"valueName":"search_term_string"}}],"inLanguage":"es"},{"@type":"Organization","@id":"https:\/\/www.hotel-tremoille.fr\/es\/#organization","name":"La Tr\u00e9moille","url":"https:\/\/www.hotel-tremoille.fr\/es\/","logo":{"@type":"ImageObject","inLanguage":"es","@id":"https:\/\/www.hotel-tremoille.fr\/es\/#\/schema\/logo\/image\/","url":"https:\/\/tremoille.ms.decms.eu\/wp-content\/uploads\/sites\/454\/2022\/06\/La-Tremoille-Paris-LOGO.png","contentUrl":"https:\/\/tremoille.ms.decms.eu\/wp-content\/uploads\/sites\/454\/2022\/06\/La-Tremoille-Paris-LOGO.png","width":595,"height":424,"caption":"La Tr\u00e9moille"},"image":{"@id":"https:\/\/www.hotel-tremoille.fr\/es\/#\/schema\/logo\/image\/"}}]}},"acf":[],"_links":{"self":[{"href":"https:\/\/www.hotel-tremoille.fr\/es\/wp-json\/wp\/v2\/pages\/293","targetHints":{"allow":["GET"]}}],"collection":[{"href":"https:\/\/www.hotel-tremoille.fr\/es\/wp-json\/wp\/v2\/pages"}],"about":[{"href":"https:\/\/www.hotel-tremoille.fr\/es\/wp-json\/wp\/v2\/types\/page"}],"author":[{"embeddable":true,"href":"https:\/\/www.hotel-tremoille.fr\/es\/wp-json\/wp\/v2\/users\/137"}],"replies":[{"embeddable":true,"href":"https:\/\/www.hotel-tremoille.fr\/es\/wp-json\/wp\/v2\/comments?post=293"}],"version-history":[{"count":0,"href":"https:\/\/www.hotel-tremoille.fr\/es\/wp-json\/wp\/v2\/pages\/293\/revisions"}],"wp:attachment":[{"href":"https:\/\/www.hotel-tremoille.fr\/es\/wp-json\/wp\/v2\/media?parent=293"}],"curies":[{"name":"wp","href":"https:\/\/api.w.org\/{rel}","templated":true}]}}