{"id":296,"date":"2022-06-02T08:48:53","date_gmt":"2022-06-02T08:48:53","guid":{"rendered":"https:\/\/tremoille.ms.decms.eu\/acces-localisation\/"},"modified":"2024-02-14T14:04:58","modified_gmt":"2024-02-14T14:04:58","slug":"acceso","status":"publish","type":"page","link":"https:\/\/www.hotel-tremoille.fr\/es\/acceso\/","title":{"rendered":"Acceso"},"content":{"rendered":"<p style=\"text-align: center\">Nuestro hotel de lujo se encuentra a pocos pasos del Arco del Triunfo, de la Torre Eiffel, del Trocadero, del Crazy Horse, de los museos del Louvre y de Orsay.\u00a0 Muy cerca de famosas avenidas como Champs Elysees, Avenue Montaigne, George V, distinguidas casas de moda, tiendas de lujo y reconocidos bares y restaurantes de Paris.<\/p>\n<p style=\"text-align: center\">\u00bfC\u00f3mo llegar al hotel? Avi\u00f3n: aeropuerto Charles de Gaulle y aeropuerto de Orly (40 min en taxi). Tren: Gare Saint-Lazare (10 min en taxi), Gare Montparnasse (15 min en taxi), Gare du Nord (20 min en taxi), Gare de l\u2019Est (20 min en taxi) y Gare de Lyon (25 min en taxi). Metro: l\u00ednea 1 Franklin Roosevelt y l\u00ednea 9 Alma Marceau. RER: l\u00ednea C Pont de l\u2019Alma y l\u00ednea A Arc de Triomphe. Autob\u00fas: l\u00edneas 42 y 80 Montaigne-Fran\u00e7ois Ier y l\u00edneas 63, 72 y 92 Alma Marceau.<\/p>\n","protected":false},"excerpt":{"rendered":"<p>Nuestro hotel de lujo se encuentra a pocos pasos del Arco del Triunfo, de la Torre Eiffel, del Trocadero, del Crazy Horse, de los museos del Louvre y de Orsay.\u00a0 Muy cerca de famosas avenidas como Champs Elysees, Avenue Montaigne, George V, distinguidas casas de moda, tiendas de lujo y reconocidos bares y restaurantes de [&hellip;]<\/p>\n","protected":false},"author":137,"featured_media":0,"parent":0,"menu_order":60,"comment_status":"closed","ping_status":"closed","template":"template-location.php","meta":{"footnotes":""},"class_list":["post-296","page","type-page","status-publish","hentry"],"yoast_head":"<!-- This site is optimized with the Yoast SEO plugin v26.9 - https:\/\/yoast.com\/product\/yoast-seo-wordpress\/ -->\n<title>Hotel La Tr\u00e9moille | Acceso al hotel | P\u00e1gina web oficial<\/title>\n<meta name=\"description\" content=\"Nuestro hotel de lujo se encuentra a pocos pasos del Arco del Triunfo, de la Torre Eiffel, del Trocad\u00e9ro, de los museos Louvre y Orsay.\" \/>\n<meta name=\"robots\" content=\"index, follow, max-snippet:-1, max-image-preview:large, max-video-preview:-1\" \/>\n<link rel=\"canonical\" href=\"https:\/\/www.hotel-tremoille.fr\/es\/acceso\/\" \/>\n<meta property=\"og:locale\" content=\"es_ES\" \/>\n<meta property=\"og:type\" content=\"article\" \/>\n<meta property=\"og:title\" content=\"Hotel La Tr\u00e9moille | Acceso al hotel | P\u00e1gina web oficial\" \/>\n<meta property=\"og:description\" content=\"Nuestro hotel de lujo se encuentra a pocos pasos del Arco del Triunfo, de la Torre Eiffel, del Trocad\u00e9ro, de los museos Louvre y Orsay.\" \/>\n<meta property=\"og:url\" content=\"https:\/\/www.hotel-tremoille.fr\/es\/acceso\/\" \/>\n<meta property=\"og:site_name\" content=\"Hotel de la Tremoille\" \/>\n<meta property=\"article:modified_time\" content=\"2024-02-14T14:04:58+00:00\" \/>\n<meta name=\"twitter:card\" content=\"summary_large_image\" \/>\n<meta name=\"twitter:label1\" content=\"Tiempo de lectura\" \/>\n\t<meta name=\"twitter:data1\" content=\"1 minuto\" \/>\n<script type=\"application\/ld+json\" class=\"yoast-schema-graph\">{\"@context\":\"https:\/\/schema.org\",\"@graph\":[{\"@type\":\"WebPage\",\"@id\":\"https:\/\/www.hotel-tremoille.fr\/es\/acceso\/\",\"url\":\"https:\/\/www.hotel-tremoille.fr\/es\/acceso\/\",\"name\":\"Hotel La Tr\u00e9moille | Acceso al hotel | P\u00e1gina web oficial\",\"isPartOf\":{\"@id\":\"https:\/\/www.hotel-tremoille.fr\/es\/#website\"},\"datePublished\":\"2022-06-02T08:48:53+00:00\",\"dateModified\":\"2024-02-14T14:04:58+00:00\",\"description\":\"Nuestro hotel de lujo se encuentra a pocos pasos del Arco del Triunfo, de la Torre Eiffel, del Trocad\u00e9ro, de los museos Louvre y Orsay.\",\"breadcrumb\":{\"@id\":\"https:\/\/www.hotel-tremoille.fr\/es\/acceso\/#breadcrumb\"},\"inLanguage\":\"es\",\"potentialAction\":[{\"@type\":\"ReadAction\",\"target\":[\"https:\/\/www.hotel-tremoille.fr\/es\/acceso\/\"]}]},{\"@type\":\"BreadcrumbList\",\"@id\":\"https:\/\/www.hotel-tremoille.fr\/es\/acceso\/#breadcrumb\",\"itemListElement\":[{\"@type\":\"ListItem\",\"position\":1,\"name\":\"Home\",\"item\":\"https:\/\/www.hotel-tremoille.fr\/es\/\"},{\"@type\":\"ListItem\",\"position\":2,\"name\":\"Acceso\"}]},{\"@type\":\"WebSite\",\"@id\":\"https:\/\/www.hotel-tremoille.fr\/es\/#website\",\"url\":\"https:\/\/www.hotel-tremoille.fr\/es\/\",\"name\":\"Hotel de la Tremoille\",\"description\":\"\",\"publisher\":{\"@id\":\"https:\/\/www.hotel-tremoille.fr\/es\/#organization\"},\"potentialAction\":[{\"@type\":\"SearchAction\",\"target\":{\"@type\":\"EntryPoint\",\"urlTemplate\":\"https:\/\/www.hotel-tremoille.fr\/es\/?s={search_term_string}\"},\"query-input\":{\"@type\":\"PropertyValueSpecification\",\"valueRequired\":true,\"valueName\":\"search_term_string\"}}],\"inLanguage\":\"es\"},{\"@type\":\"Organization\",\"@id\":\"https:\/\/www.hotel-tremoille.fr\/es\/#organization\",\"name\":\"La Tr\u00e9moille\",\"url\":\"https:\/\/www.hotel-tremoille.fr\/es\/\",\"logo\":{\"@type\":\"ImageObject\",\"inLanguage\":\"es\",\"@id\":\"https:\/\/www.hotel-tremoille.fr\/es\/#\/schema\/logo\/image\/\",\"url\":\"https:\/\/tremoille.ms.decms.eu\/wp-content\/uploads\/sites\/454\/2022\/06\/La-Tremoille-Paris-LOGO.png\",\"contentUrl\":\"https:\/\/tremoille.ms.decms.eu\/wp-content\/uploads\/sites\/454\/2022\/06\/La-Tremoille-Paris-LOGO.png\",\"width\":595,\"height\":424,\"caption\":\"La Tr\u00e9moille\"},\"image\":{\"@id\":\"https:\/\/www.hotel-tremoille.fr\/es\/#\/schema\/logo\/image\/\"}}]}<\/script>\n<!-- \/ Yoast SEO plugin. -->","yoast_head_json":{"title":"Hotel La Tr\u00e9moille | Acceso al hotel | P\u00e1gina web oficial","description":"Nuestro hotel de lujo se encuentra a pocos pasos del Arco del Triunfo, de la Torre Eiffel, del Trocad\u00e9ro, de los museos Louvre y Orsay.","robots":{"index":"index","follow":"follow","max-snippet":"max-snippet:-1","max-image-preview":"max-image-preview:large","max-video-preview":"max-video-preview:-1"},"canonical":"https:\/\/www.hotel-tremoille.fr\/es\/acceso\/","og_locale":"es_ES","og_type":"article","og_title":"Hotel La Tr\u00e9moille | Acceso al hotel | P\u00e1gina web oficial","og_description":"Nuestro hotel de lujo se encuentra a pocos pasos del Arco del Triunfo, de la Torre Eiffel, del Trocad\u00e9ro, de los museos Louvre y Orsay.","og_url":"https:\/\/www.hotel-tremoille.fr\/es\/acceso\/","og_site_name":"Hotel de la Tremoille","article_modified_time":"2024-02-14T14:04:58+00:00","twitter_card":"summary_large_image","twitter_misc":{"Tiempo de lectura":"1 minuto"},"schema":{"@context":"https:\/\/schema.org","@graph":[{"@type":"WebPage","@id":"https:\/\/www.hotel-tremoille.fr\/es\/acceso\/","url":"https:\/\/www.hotel-tremoille.fr\/es\/acceso\/","name":"Hotel La Tr\u00e9moille | Acceso al hotel | P\u00e1gina web oficial","isPartOf":{"@id":"https:\/\/www.hotel-tremoille.fr\/es\/#website"},"datePublished":"2022-06-02T08:48:53+00:00","dateModified":"2024-02-14T14:04:58+00:00","description":"Nuestro hotel de lujo se encuentra a pocos pasos del Arco del Triunfo, de la Torre Eiffel, del Trocad\u00e9ro, de los museos Louvre y Orsay.","breadcrumb":{"@id":"https:\/\/www.hotel-tremoille.fr\/es\/acceso\/#breadcrumb"},"inLanguage":"es","potentialAction":[{"@type":"ReadAction","target":["https:\/\/www.hotel-tremoille.fr\/es\/acceso\/"]}]},{"@type":"BreadcrumbList","@id":"https:\/\/www.hotel-tremoille.fr\/es\/acceso\/#breadcrumb","itemListElement":[{"@type":"ListItem","position":1,"name":"Home","item":"https:\/\/www.hotel-tremoille.fr\/es\/"},{"@type":"ListItem","position":2,"name":"Acceso"}]},{"@type":"WebSite","@id":"https:\/\/www.hotel-tremoille.fr\/es\/#website","url":"https:\/\/www.hotel-tremoille.fr\/es\/","name":"Hotel de la Tremoille","description":"","publisher":{"@id":"https:\/\/www.hotel-tremoille.fr\/es\/#organization"},"potentialAction":[{"@type":"SearchAction","target":{"@type":"EntryPoint","urlTemplate":"https:\/\/www.hotel-tremoille.fr\/es\/?s={search_term_string}"},"query-input":{"@type":"PropertyValueSpecification","valueRequired":true,"valueName":"search_term_string"}}],"inLanguage":"es"},{"@type":"Organization","@id":"https:\/\/www.hotel-tremoille.fr\/es\/#organization","name":"La Tr\u00e9moille","url":"https:\/\/www.hotel-tremoille.fr\/es\/","logo":{"@type":"ImageObject","inLanguage":"es","@id":"https:\/\/www.hotel-tremoille.fr\/es\/#\/schema\/logo\/image\/","url":"https:\/\/tremoille.ms.decms.eu\/wp-content\/uploads\/sites\/454\/2022\/06\/La-Tremoille-Paris-LOGO.png","contentUrl":"https:\/\/tremoille.ms.decms.eu\/wp-content\/uploads\/sites\/454\/2022\/06\/La-Tremoille-Paris-LOGO.png","width":595,"height":424,"caption":"La Tr\u00e9moille"},"image":{"@id":"https:\/\/www.hotel-tremoille.fr\/es\/#\/schema\/logo\/image\/"}}]}},"acf":[],"_links":{"self":[{"href":"https:\/\/www.hotel-tremoille.fr\/es\/wp-json\/wp\/v2\/pages\/296","targetHints":{"allow":["GET"]}}],"collection":[{"href":"https:\/\/www.hotel-tremoille.fr\/es\/wp-json\/wp\/v2\/pages"}],"about":[{"href":"https:\/\/www.hotel-tremoille.fr\/es\/wp-json\/wp\/v2\/types\/page"}],"author":[{"embeddable":true,"href":"https:\/\/www.hotel-tremoille.fr\/es\/wp-json\/wp\/v2\/users\/137"}],"replies":[{"embeddable":true,"href":"https:\/\/www.hotel-tremoille.fr\/es\/wp-json\/wp\/v2\/comments?post=296"}],"version-history":[{"count":0,"href":"https:\/\/www.hotel-tremoille.fr\/es\/wp-json\/wp\/v2\/pages\/296\/revisions"}],"wp:attachment":[{"href":"https:\/\/www.hotel-tremoille.fr\/es\/wp-json\/wp\/v2\/media?parent=296"}],"curies":[{"name":"wp","href":"https:\/\/api.w.org\/{rel}","templated":true}]}}